{"id":3748,"date":"2022-03-10T12:46:11","date_gmt":"2022-03-10T12:46:11","guid":{"rendered":"https:\/\/pgs-legal.com\/politica-de-privacidad\/"},"modified":"2022-03-10T12:46:13","modified_gmt":"2022-03-10T12:46:13","slug":"politica-de-privacidad","status":"publish","type":"page","link":"https:\/\/pgs-legal.com\/es\/politica-de-privacidad\/","title":{"rendered":"Pol\u00edtica de Privacidad"},"content":{"rendered":"\t\t<div data-elementor-type=\"wp-page\" data-elementor-id=\"3748\" class=\"elementor elementor-3748 elementor-3\">\n\t\t\t\t\t\t<section class=\"elementor-section elementor-top-section elementor-element elementor-element-2b841ff1 elementor-section-boxed elementor-section-height-default elementor-section-height-default\" data-id=\"2b841ff1\" data-element_type=\"section\">\n\t\t\t\t\t\t<div class=\"elementor-container elementor-column-gap-default\">\n\t\t\t\t\t<div class=\"elementor-column elementor-col-100 elementor-top-column elementor-element elementor-element-5e78a316\" data-id=\"5e78a316\" data-element_type=\"column\">\n\t\t\t<div class=\"elementor-widget-wrap elementor-element-populated\">\n\t\t\t\t\t\t<div class=\"elementor-element elementor-element-14d8248e elementor-widget elementor-widget-text-editor\" data-id=\"14d8248e\" data-element_type=\"widget\" data-widget_type=\"text-editor.default\">\n\t\t\t\t<div class=\"elementor-widget-container\">\n\t\t\t\t\t\t\t\t\t<p><\/p>\n<h2>\u00bfQuienes somos?<\/h2>\n<p><\/p>\n<p>Pereira, Gon\u00e7alves &amp; Serafim Sociedade de Advogados SP RL.<\/p>\n<p>Este sitio web tiene como objetivo proporcionar informaci\u00f3n general sobre Pereira, Gon\u00e7alves &amp; Serafim Sociedade de Advogados SP RL y su actividad.<\/p>\n<p>Ninguno de los contenidos de este sitio web puede ser considerado como un medio para establecer relaciones profesionales o para prestar servicios jur\u00eddicos de cualquier naturaleza.<\/p>\n<p>Los usuarios de este sitio web no deben usar ni divulgar la informaci\u00f3n contenida en el mismo sin antes consultar a un abogado u otro profesional competente.<\/p>\n<p>Pereira, Gon\u00e7alves &amp; Serafim Sociedade de Advogados SP RL no es responsable ante los usuarios de este sitio web por cualquier da\u00f1o resultante del uso o divulgaci\u00f3n de la informaci\u00f3n contenida en \u00e9l.<\/p>\n<p>Este sitio web contiene enlaces a otros sitios web. Estos enlaces se proporcionan \u00fanicamente para la comodidad de los usuarios de este sitio web. Pereira, Gon\u00e7alves &amp; Serafim Sociedade de Advogados SP RL no es responsable por el contenido de los sitios web cuyos enlaces est\u00e1n disponibles en este sitio web.<\/p>\n<p><\/p>\n<h2>Cookies<\/h2>\n<p>Utilizamos cookies en este sitio web. Utilizamos cookies en este sitio web. Las cookies en s\u00ed mismas no identifican al usuario individual, solo la computadora utilizada. Las cookies no se utilizan para recopilar informaci\u00f3n personal. El usuario tiene, en cualquier momento, la posibilidad de configurar su ordenador para aceptar todas las cookies, para avisarle cuando se emite una cookie o para no recibir ninguna cookie. La forma de hacerlo depende del navegador (navegador web) que utilice. Consulte la funci\u00f3n de \u00abAyuda\u00bb de su navegador. Si acepta las cookies, pueden permanecer en su computadora durante muchos a\u00f1os a menos que las elimine. Tenga en cuenta que desactivar las cookies puede limitar el uso de los sitios web en general. Aqu\u00ed hay una lista de las principales cookies que usamos y lo que hacen:<\/p>\n<ul>\n<li> <strong> PHPSESSID<\/strong> Esta cookie esencial permite que nuestro sitio responda a cualquier acci\u00f3n que realice en el sitio, como completar un formulario de consulta. El sitio web no funcionar\u00e1 correctamente si no se utiliza esta cookie. <\/li>\n<li> <strong> __utma, __utmb, __utmc, __utmz<\/strong> Las cookies que empiezan por \u201c__utm\u201d permiten la funci\u00f3n de software de an\u00e1lisis (analytics). Este software ayuda a analizar a los visitantes de nuestro sitio web y proporciona informaci\u00f3n an\u00f3nima, como los navegadores utilizados, los visitantes que regresan y la respuesta a las actividades de marketing. Esta informaci\u00f3n nos ayuda a mejorar el sitio y su experiencia en l\u00ednea.<\/li>\n<li>_<strong>_atuvc O cookie _atuvc<\/strong> es creada y le\u00edda por el JavaScript del sitio que permite compartir contenidos en las redes sociales \u201cAddThis\u201d.<\/li>\n<\/ul>\n<p><strong class=\"privacy-policy-tutorial\">Controlo de cookies: <\/strong>los navegadores web le permiten ejercer cierto control de las cookies a trav\u00e9s de la configuraci\u00f3n del navegador. La mayor\u00eda de los navegadores le permiten bloquear las cookies o bloquear las cookies de sitios web espec\u00edficos. Los navegadores tambi\u00e9n pueden ayudarlo a borrar las cookies cuando cierra su navegador. Sin embargo, tenga en cuenta que esto puede significar que se perder\u00e1n las opciones de exclusi\u00f3n voluntaria o las preferencias establecidas en el sitio. Para obtener m\u00e1s informaci\u00f3n sobre las cookies, incluido c\u00f3mo ver qu\u00e9 cookies se crearon y c\u00f3mo administrarlas y eliminarlas, visite www.allaboutcookies.org, que incluye informaci\u00f3n sobre c\u00f3mo administrar su configuraci\u00f3n para los distintos proveedores de navegador.<\/p>\n<p><strong>Navegador de exclusi\u00f3n voluntaria de Google Analytics:<\/strong> para brindar a los visitantes m\u00e1s opciones sobre c\u00f3mo Google Analytics recopila sus datos, Google ha desarrollado el complemento de navegador de exclusi\u00f3n voluntaria de Google Analytics. El complemento se comunica con Google Analytics JavaScript (ga.js) para indicar que la informaci\u00f3n sobre la visita al sitio no debe enviarse a Google Analytics. Google Analytics Opt-out Browser Extra no impide que se env\u00ede informaci\u00f3n al sitio web en s\u00ed o a otros servicios de an\u00e1lisis web. Obtenga m\u00e1s informaci\u00f3n sobre la opci\u00f3n adicional de<a href=\"https:\/\/tools.google.com\/dlpage\/gaoptout?hl=None\" target=\"_blank\" rel=\"noopener\">exclusi\u00f3n del navegador de Google Analytics<\/a>.<\/p>\n<h2>Privacidad<\/h2>\n<p><\/p>\n<p>Pereira, Gon\u00e7alves &amp; Serafim Sociedade de Advogados SP RL se compromete a garantizar que su privacidad est\u00e9 protegida y que cumpla con sus obligaciones bajo la Ley de Protecci\u00f3n de Datos. Nuestra Pol\u00edtica de privacidad y cookies explica c\u00f3mo manejar\u00e1 cualquier informaci\u00f3n personal que nos proporcione al usar este sitio. Tambi\u00e9n describe c\u00f3mo usamos las cookies de Internet y algunas de las medidas de seguridad que tomamos para proteger su privacidad, adem\u00e1s de brindar ciertas garant\u00edas sobre cosas que no har\u00e1.<\/p>\n<p><\/p>\n<p><strong class=\"privacy-policy-tutorial\">La informaci\u00f3n que recopilamos y c\u00f3mo la usaremos: <\/strong>La informaci\u00f3n que recopilamos y c\u00f3mo la usaremos: cuando se registra en nuestro sitio, recopilamos la informaci\u00f3n que elige para completar los formularios en el sitio. Recopilamos esta informaci\u00f3n para que podamos procesar sus pedidos y administrar de manera eficiente cualquier transacci\u00f3n, as\u00ed como tambi\u00e9n utilizarla para desarrollar y mejorar nuestros servicios. Podemos utilizar informaci\u00f3n agregada con el fin de rastrear el uso de nuestros servicios y ayudarnos a desarrollar y mejorar nuestro sitio web. Sin embargo, la informaci\u00f3n y las estad\u00edsticas agregadas no incluyen detalles que podr\u00edan usarse para identificarlo. Es posible que hayamos recibido informaci\u00f3n personal de otras empresas y organizaciones (por ejemplo, con fines de marketing) y dependemos de estos terceros para obtener su consentimiento para que usemos esta informaci\u00f3n.<\/p>\n<p><\/p>\n<h2>Aceptaci\u00f3n de los t\u00e9rminos<\/h2>\n<p><\/p>\n<p>Al utilizar este sitio, acepta la recopilaci\u00f3n y el uso de su informaci\u00f3n tal como se establece en esta pol\u00edtica de cookies y pol\u00edtica de privacidad. Si cambiamos nuestra pol\u00edtica de privacidad o de cookies de alguna manera, dichos cambios se publicar\u00e1n en este sitio web. Al utilizar este sitio, acepta la recopilaci\u00f3n y el uso de su informaci\u00f3n tal como se establece en esta pol\u00edtica de cookies y pol\u00edtica de privacidad. Si cambiamos nuestra pol\u00edtica de privacidad o de cookies de alguna manera, dichos cambios se publicar\u00e1n en este sitio web.<\/p>\n<p><\/p>\n\t\t\t\t\t\t\t\t<\/div>\n\t\t\t\t<\/div>\n\t\t\t\t\t<\/div>\n\t\t<\/div>\n\t\t\t\t\t<\/div>\n\t\t<\/section>\n\t\t\t\t<\/div>\n\t\t","protected":false},"excerpt":{"rendered":"<p>\u00bfQuienes somos? Pereira, Gon\u00e7alves &amp; Serafim Sociedade de Advogados SP RL. Este sitio web tiene como objetivo proporcionar informaci\u00f3n general sobre Pereira, Gon\u00e7alves &amp; Serafim Sociedade de Advogados SP RL y su actividad. Ninguno de los contenidos de este sitio&#8230;<\/p>\n","protected":false},"author":1,"featured_media":3004,"parent":0,"menu_order":0,"comment_status":"closed","ping_status":"closed","template":"my-templates\/template-fullwidth.php","meta":{"footnotes":""},"class_list":["post-3748","page","type-page","status-publish","has-post-thumbnail","hentry"],"_links":{"self":[{"href":"https:\/\/pgs-legal.com\/es\/wp-json\/wp\/v2\/pages\/3748","targetHints":{"allow":["GET"]}}],"collection":[{"href":"https:\/\/pgs-legal.com\/es\/wp-json\/wp\/v2\/pages"}],"about":[{"href":"https:\/\/pgs-legal.com\/es\/wp-json\/wp\/v2\/types\/page"}],"author":[{"embeddable":true,"href":"https:\/\/pgs-legal.com\/es\/wp-json\/wp\/v2\/users\/1"}],"replies":[{"embeddable":true,"href":"https:\/\/pgs-legal.com\/es\/wp-json\/wp\/v2\/comments?post=3748"}],"version-history":[{"count":3,"href":"https:\/\/pgs-legal.com\/es\/wp-json\/wp\/v2\/pages\/3748\/revisions"}],"predecessor-version":[{"id":3751,"href":"https:\/\/pgs-legal.com\/es\/wp-json\/wp\/v2\/pages\/3748\/revisions\/3751"}],"wp:featuredmedia":[{"embeddable":true,"href":"https:\/\/pgs-legal.com\/es\/wp-json\/wp\/v2\/media\/3004"}],"wp:attachment":[{"href":"https:\/\/pgs-legal.com\/es\/wp-json\/wp\/v2\/media?parent=3748"}],"curies":[{"name":"wp","href":"https:\/\/api.w.org\/{rel}","templated":true}]}}