{"id":3599,"date":"2022-03-09T18:30:42","date_gmt":"2022-03-09T18:30:42","guid":{"rendered":"https:\/\/pgs-legal.com\/equipo\/"},"modified":"2022-03-09T18:30:43","modified_gmt":"2022-03-09T18:30:43","slug":"equipo","status":"publish","type":"page","link":"https:\/\/pgs-legal.com\/es\/equipo\/","title":{"rendered":"Equipo"},"content":{"rendered":"\t\t<div data-elementor-type=\"wp-post\" data-elementor-id=\"3599\" class=\"elementor elementor-3599 elementor-2107\">\n\t\t\t\t\t\t<section class=\"elementor-section elementor-top-section elementor-element elementor-element-18305e9 elementor-section-boxed elementor-section-height-default elementor-section-height-default\" data-id=\"18305e9\" data-element_type=\"section\">\n\t\t\t\t\t\t<div class=\"elementor-container elementor-column-gap-default\">\n\t\t\t\t\t<div class=\"elementor-column elementor-col-100 elementor-top-column elementor-element elementor-element-4bbc339\" data-id=\"4bbc339\" data-element_type=\"column\">\n\t\t\t<div class=\"elementor-widget-wrap elementor-element-populated\">\n\t\t\t\t\t\t<div class=\"elementor-element elementor-element-aa73cd7 heading-subtitle elementor-widget elementor-widget-heading\" data-id=\"aa73cd7\" data-element_type=\"widget\" data-widget_type=\"heading.default\">\n\t\t\t\t<div class=\"elementor-widget-container\">\n\t\t\t\t\t<span class=\"elementor-heading-title elementor-size-default\">Sobre nosotros<\/span>\t\t\t\t<\/div>\n\t\t\t\t<\/div>\n\t\t\t\t<div class=\"elementor-element elementor-element-00d8591 elementor-widget elementor-widget-heading\" data-id=\"00d8591\" data-element_type=\"widget\" data-widget_type=\"heading.default\">\n\t\t\t\t<div class=\"elementor-widget-container\">\n\t\t\t\t\t<p class=\"elementor-heading-title elementor-size-default\">PGS es una firma de abogados portuguesa independiente con operaciones\ndiversificadas, especializada en operaciones multidisciplinarias y capaz de traducir\nel entorno legal portugu\u00e9s en beneficio de sus clientes nacionales e internacionales.<br>PGS apuesta por la representaci\u00f3n de clientes extranjeros especializados en derecho\nempresarial, siguiendo las necesidades de la industria que opera en Portugal y el\ndesarrollo y sofisticaci\u00f3n de la econom\u00eda nacional.\nPGS es socio portugu\u00e9s de varios proyectos de investigaci\u00f3n e innovaci\u00f3n tecnol\u00f3gica para el \u00e1rea\njur\u00eddica, desarrollando procedimientos y entornos de trabajo determinantes\npara la mejora de resultados.<br>\nLa empresa naci\u00f3 a partir de un grupo de abogados que inici\u00f3 su\nactividad en 2004, con un crecimiento org\u00e1nico, desarroll\u00f3 una cultura propia\ne integrada, apostando por la excelencia en la contrataci\u00f3n.<br>\nLa asociaci\u00f3n representa a clientes nacionales y extranjeros que operan en una amplia gama de sectores,\nque incluyen automoci\u00f3n, servicios bancarios y financieros, construcci\u00f3n y materiales\nde construcci\u00f3n, energ\u00eda y recursos naturales, medio ambiente, gesti\u00f3n de residuos, atenci\u00f3n m\u00e9dica,\ncombustibles, bienes ra\u00edces y tecnolog\u00eda.<br>\nPGS mantiene estrechas relaciones con firmas de primer nivel en varios\npa\u00edses.<br>\nComo resultado de su desempe\u00f1o diversificado y la excelencia de sus profesionales, PGS es\ncapaz de brindar asistencia a clientes de cualquier sector econ\u00f3mico en todas las \u00e1reas\ndel derecho, lo que le permite desarrollar relaciones basadas en la confianza mutua, tanto\nen el d\u00eda a d\u00eda. en decisiones estrat\u00e9gicas, que involucren cuestiones legales sofisticadas,\ncomplejas o t\u00e9cnicamente desafiantes.<\/p>\t\t\t\t<\/div>\n\t\t\t\t<\/div>\n\t\t\t\t\t<\/div>\n\t\t<\/div>\n\t\t\t\t\t<\/div>\n\t\t<\/section>\n\t\t\t\t<section class=\"elementor-section elementor-top-section elementor-element elementor-element-88dd100 elementor-section-boxed elementor-section-height-default elementor-section-height-default\" data-id=\"88dd100\" data-element_type=\"section\">\n\t\t\t\t\t\t<div class=\"elementor-container elementor-column-gap-default\">\n\t\t\t\t\t<div class=\"elementor-column elementor-col-100 elementor-top-column elementor-element elementor-element-93f7a9d\" data-id=\"93f7a9d\" data-element_type=\"column\">\n\t\t\t<div class=\"elementor-widget-wrap elementor-element-populated\">\n\t\t\t\t\t\t<div class=\"elementor-element elementor-element-2240527 heading-subtitle elementor-widget elementor-widget-heading\" data-id=\"2240527\" data-element_type=\"widget\" data-widget_type=\"heading.default\">\n\t\t\t\t<div class=\"elementor-widget-container\">\n\t\t\t\t\t<span class=\"elementor-heading-title elementor-size-default\">nuestro equipo<\/span>\t\t\t\t<\/div>\n\t\t\t\t<\/div>\n\t\t\t\t<div class=\"elementor-element elementor-element-5e8b792 heading-title elementor-widget elementor-widget-heading\" data-id=\"5e8b792\" data-element_type=\"widget\" data-widget_type=\"heading.default\">\n\t\t\t\t<div class=\"elementor-widget-container\">\n\t\t\t\t\t<h2 class=\"elementor-heading-title elementor-size-default\">PGS Abogados\u200b<\/h2>\t\t\t\t<\/div>\n\t\t\t\t<\/div>\n\t\t\t\t\t<\/div>\n\t\t<\/div>\n\t\t\t\t\t<\/div>\n\t\t<\/section>\n\t\t\t\t<section class=\"elementor-section elementor-top-section elementor-element elementor-element-fe12303 elementor-section-boxed elementor-section-height-default elementor-section-height-default\" data-id=\"fe12303\" data-element_type=\"section\">\n\t\t\t\t\t\t<div class=\"elementor-container elementor-column-gap-default\">\n\t\t\t\t\t<div class=\"elementor-column elementor-col-100 elementor-top-column elementor-element elementor-element-0d2e2dc\" data-id=\"0d2e2dc\" data-element_type=\"column\">\n\t\t\t<div class=\"elementor-widget-wrap elementor-element-populated\">\n\t\t\t\t\t\t<div class=\"elementor-element elementor-element-eaed11d elementor-widget elementor-widget-shortcode\" data-id=\"eaed11d\" data-element_type=\"widget\" data-widget_type=\"shortcode.default\">\n\t\t\t\t<div class=\"elementor-widget-container\">\n\t\t\t\t\t\t\t<div class=\"elementor-shortcode\"><div class=\"short_team \"><div class=\"row\"><div class=\"col-lg-4 col-md-6\"><div class=\"lawyer-holder lawyer-3col\"><a href=\"https:\/\/pgs-legal.com\/es\/team\/rosa-branca-pereira\/\"><img fetchpriority=\"high\" decoding=\"async\" width=\"600\" height=\"550\" src=\"https:\/\/pgs-legal.com\/wp-content\/uploads\/2019\/08\/rosa_branca_pereira_f1.jpg\" class=\"img-fluid wp-post-image\" alt=\"Rosa Branca Pereira\" srcset=\"https:\/\/pgs-legal.com\/wp-content\/uploads\/2019\/08\/rosa_branca_pereira_f1.jpg 600w, https:\/\/pgs-legal.com\/wp-content\/uploads\/2019\/08\/rosa_branca_pereira_f1-300x275.jpg 300w\" sizes=\"(max-width: 600px) 100vw, 600px\" \/><\/a><div class=\"lawyer-position\">Socia<\/div><h2 class=\"lawyer-title\"><a href=\"https:\/\/pgs-legal.com\/es\/team\/rosa-branca-pereira\/\">Rosa Branca Pereira<\/a><\/h2><div class=\"lawyer-excerpt\">contactos directos<\/div><ul class=\"lawyer-social\"><li><a href=\" https:\/\/pt.linkedin.com\/in\/rosa-branca-pereira-53a079138 \" target=\"_blank\"><i class=\"fab fa-linkedin-in\"><\/i><\/a><\/li><li><a href=\"mailto:  rosabrancap@pgs-legal.com \" target=\"_blank\"><i class=\"far fa-envelope\"><\/i><\/a><\/li><\/ul><\/div><\/div><div class=\"col-lg-4 col-md-6\"><div class=\"lawyer-holder lawyer-3col\"><a href=\"https:\/\/pgs-legal.com\/es\/team\/isalia-goncalves\/\"><img decoding=\"async\" width=\"600\" height=\"550\" src=\"https:\/\/pgs-legal.com\/wp-content\/uploads\/2019\/08\/isalia_goncalvesf1.jpg\" class=\"img-fluid wp-post-image\" alt=\"Is\u00e1lia Gon\u00e7alves\" srcset=\"https:\/\/pgs-legal.com\/wp-content\/uploads\/2019\/08\/isalia_goncalvesf1.jpg 600w, https:\/\/pgs-legal.com\/wp-content\/uploads\/2019\/08\/isalia_goncalvesf1-300x275.jpg 300w\" sizes=\"(max-width: 600px) 100vw, 600px\" \/><\/a><div class=\"lawyer-position\">Socia<\/div><h2 class=\"lawyer-title\"><a href=\"https:\/\/pgs-legal.com\/es\/team\/isalia-goncalves\/\">Is\u00e1lia Gon\u00e7alves<\/a><\/h2><div class=\"lawyer-excerpt\">contactos directos<\/div><ul class=\"lawyer-social\"><li><a href=\"mailto:  isalia.goncalves@pgs-legal.com \" target=\"_blank\"><i class=\"far fa-envelope\"><\/i><\/a><\/li><\/ul><\/div><\/div><div class=\"col-lg-4 col-md-6\"><div class=\"lawyer-holder lawyer-3col\"><a href=\"https:\/\/pgs-legal.com\/es\/team\/marcelo-b-serafim\/\"><img decoding=\"async\" width=\"600\" height=\"550\" src=\"https:\/\/pgs-legal.com\/wp-content\/uploads\/2019\/08\/marcelo_serafim_f1.jpg\" class=\"img-fluid wp-post-image\" alt=\"Marcelo B. Serafim\" srcset=\"https:\/\/pgs-legal.com\/wp-content\/uploads\/2019\/08\/marcelo_serafim_f1.jpg 600w, https:\/\/pgs-legal.com\/wp-content\/uploads\/2019\/08\/marcelo_serafim_f1-300x275.jpg 300w\" sizes=\"(max-width: 600px) 100vw, 600px\" \/><\/a><div class=\"lawyer-position\">Socio<\/div><h2 class=\"lawyer-title\"><a href=\"https:\/\/pgs-legal.com\/es\/team\/marcelo-b-serafim\/\">Marcelo B. Serafim<\/a><\/h2><div class=\"lawyer-excerpt\">contactos directos<\/div><ul class=\"lawyer-social\"><li><a href=\" https:\/\/pt.linkedin.com\/in\/marcelo-serafim-a6159893 \" target=\"_blank\"><i class=\"fab fa-linkedin-in\"><\/i><\/a><\/li><li><a href=\"mailto:  marcelo.serafim@pgs-legal.com \" target=\"_blank\"><i class=\"far fa-envelope\"><\/i><\/a><\/li><\/ul><\/div><\/div><div class=\"col-lg-4 col-md-6\"><div class=\"lawyer-holder lawyer-3col\"><a href=\"https:\/\/pgs-legal.com\/es\/team\/eduardo-lopes\/\"><img loading=\"lazy\" decoding=\"async\" width=\"600\" height=\"550\" src=\"https:\/\/pgs-legal.com\/wp-content\/uploads\/2019\/08\/eduardo-lopes-ft1.jpg\" class=\"img-fluid wp-post-image\" alt=\"Eduardo Lopes\" srcset=\"https:\/\/pgs-legal.com\/wp-content\/uploads\/2019\/08\/eduardo-lopes-ft1.jpg 600w, https:\/\/pgs-legal.com\/wp-content\/uploads\/2019\/08\/eduardo-lopes-ft1-300x275.jpg 300w\" sizes=\"(max-width: 600px) 100vw, 600px\" \/><\/a><div class=\"lawyer-position\">Of Counsel<\/div><h2 class=\"lawyer-title\"><a href=\"https:\/\/pgs-legal.com\/es\/team\/eduardo-lopes\/\">Eduardo Lopes<\/a><\/h2><div class=\"lawyer-excerpt\">contactos directos<\/div><ul class=\"lawyer-social\"><li><a href=\"mailto:  geral@pgs-legal.com \" target=\"_blank\"><i class=\"far fa-envelope\"><\/i><\/a><\/li><\/ul><\/div><\/div><div class=\"col-lg-4 col-md-6\"><div class=\"lawyer-holder lawyer-3col\"><a href=\"https:\/\/pgs-legal.com\/es\/team\/catarina-pinheiro\/\"><img loading=\"lazy\" decoding=\"async\" width=\"600\" height=\"550\" src=\"https:\/\/pgs-legal.com\/wp-content\/uploads\/2019\/08\/perfil-catarina-pinheiro.jpeg\" class=\"img-fluid wp-post-image\" alt=\"Catarina Pinheiro\" srcset=\"https:\/\/pgs-legal.com\/wp-content\/uploads\/2019\/08\/perfil-catarina-pinheiro.jpeg 600w, https:\/\/pgs-legal.com\/wp-content\/uploads\/2019\/08\/perfil-catarina-pinheiro-300x275.jpeg 300w\" sizes=\"(max-width: 600px) 100vw, 600px\" \/><\/a><div class=\"lawyer-position\">Of Counsel<\/div><h2 class=\"lawyer-title\"><a href=\"https:\/\/pgs-legal.com\/es\/team\/catarina-pinheiro\/\">Catarina Pinheiro<\/a><\/h2><div class=\"lawyer-excerpt\">contactos directos<\/div><ul class=\"lawyer-social\"><li><a href=\"mailto:  geral@pgs-legal.com \" target=\"_blank\"><i class=\"far fa-envelope\"><\/i><\/a><\/li><\/ul><\/div><\/div><div class=\"col-lg-4 col-md-6\"><div class=\"lawyer-holder lawyer-3col\"><a href=\"https:\/\/pgs-legal.com\/es\/team\/pedro-lince-e-pereira\/\"><img loading=\"lazy\" decoding=\"async\" width=\"600\" height=\"550\" src=\"https:\/\/pgs-legal.com\/wp-content\/uploads\/2019\/08\/perfil-pedro-lince-pereira.jpg\" class=\"img-fluid wp-post-image\" alt=\"Pedro Lince e Pereira\" srcset=\"https:\/\/pgs-legal.com\/wp-content\/uploads\/2019\/08\/perfil-pedro-lince-pereira.jpg 600w, https:\/\/pgs-legal.com\/wp-content\/uploads\/2019\/08\/perfil-pedro-lince-pereira-300x275.jpg 300w\" sizes=\"(max-width: 600px) 100vw, 600px\" \/><\/a><div class=\"lawyer-position\">Abogado Interno<\/div><h2 class=\"lawyer-title\"><a href=\"https:\/\/pgs-legal.com\/es\/team\/pedro-lince-e-pereira\/\">Pedro Lince e Pereira<\/a><\/h2><div class=\"lawyer-excerpt\">contactos directos<\/div><ul class=\"lawyer-social\"><li><a href=\" https:\/\/pt.linkedin.com\/in\/pedro-lince-pereira-b4b72a203 \" target=\"_blank\"><i class=\"fab fa-linkedin-in\"><\/i><\/a><\/li><li><a href=\"mailto:  pedro.pereira@pgs-legal.com \" target=\"_blank\"><i class=\"far fa-envelope\"><\/i><\/a><\/li><\/ul><\/div><\/div><div class=\"col-lg-4 col-md-6\"><div class=\"lawyer-holder lawyer-3col\"><a href=\"https:\/\/pgs-legal.com\/es\/team\/andreia-do-prado\/\"><img loading=\"lazy\" decoding=\"async\" width=\"600\" height=\"550\" src=\"https:\/\/pgs-legal.com\/wp-content\/uploads\/2019\/08\/perfil-andreia-do-prado.jpeg\" class=\"img-fluid wp-post-image\" alt=\"Andreia do Prado\" srcset=\"https:\/\/pgs-legal.com\/wp-content\/uploads\/2019\/08\/perfil-andreia-do-prado.jpeg 600w, https:\/\/pgs-legal.com\/wp-content\/uploads\/2019\/08\/perfil-andreia-do-prado-300x275.jpeg 300w\" sizes=\"(max-width: 600px) 100vw, 600px\" \/><\/a><div class=\"lawyer-position\">Jurista<\/div><h2 class=\"lawyer-title\"><a href=\"https:\/\/pgs-legal.com\/es\/team\/andreia-do-prado\/\">Andreia do Prado<\/a><\/h2><div class=\"lawyer-excerpt\">contactos directos<\/div><ul class=\"lawyer-social\"><li><a href=\"mailto:  andreia.prado@pgs-legal.com \" target=\"_blank\"><i class=\"far fa-envelope\"><\/i><\/a><\/li><\/ul><\/div><\/div><div class=\"col-lg-4 col-md-6\"><div class=\"lawyer-holder lawyer-3col\"><a href=\"https:\/\/pgs-legal.com\/es\/team\/luz-yanez\/\"><img loading=\"lazy\" decoding=\"async\" width=\"600\" height=\"550\" src=\"https:\/\/pgs-legal.com\/wp-content\/uploads\/2019\/08\/foto-luz-ryanes.jpg\" class=\"img-fluid wp-post-image\" alt=\"Luz Yanez\" srcset=\"https:\/\/pgs-legal.com\/wp-content\/uploads\/2019\/08\/foto-luz-ryanes.jpg 600w, https:\/\/pgs-legal.com\/wp-content\/uploads\/2019\/08\/foto-luz-ryanes-300x275.jpg 300w\" sizes=\"(max-width: 600px) 100vw, 600px\" \/><\/a><div class=\"lawyer-position\">Jurista<\/div><h2 class=\"lawyer-title\"><a href=\"https:\/\/pgs-legal.com\/es\/team\/luz-yanez\/\">Luz Yanez<\/a><\/h2><div class=\"lawyer-excerpt\">contactos directos<\/div><ul class=\"lawyer-social\"><li><a href=\" https:\/\/pt.linkedin.com\/in\/luz-rosangel-yanez-jimenez-9bb573172 \" target=\"_blank\"><i class=\"fab fa-linkedin-in\"><\/i><\/a><\/li><li><a href=\"mailto:  luz.yanez@pgs-legal.com \" target=\"_blank\"><i class=\"far fa-envelope\"><\/i><\/a><\/li><\/ul><\/div><\/div><div class=\"col-lg-4 col-md-6\"><div class=\"lawyer-holder lawyer-3col\"><a href=\"https:\/\/pgs-legal.com\/es\/team\/jean-louis-oliveira\/\"><img loading=\"lazy\" decoding=\"async\" width=\"600\" height=\"550\" src=\"https:\/\/pgs-legal.com\/wp-content\/uploads\/2019\/08\/jean-luis-oliveira-ft1.jpg\" class=\"img-fluid wp-post-image\" alt=\"Jean Louis Oliveira\" srcset=\"https:\/\/pgs-legal.com\/wp-content\/uploads\/2019\/08\/jean-luis-oliveira-ft1.jpg 600w, https:\/\/pgs-legal.com\/wp-content\/uploads\/2019\/08\/jean-luis-oliveira-ft1-300x275.jpg 300w\" sizes=\"(max-width: 600px) 100vw, 600px\" \/><\/a><div class=\"lawyer-position\">Administrativo<\/div><h2 class=\"lawyer-title\"><a href=\"https:\/\/pgs-legal.com\/es\/team\/jean-louis-oliveira\/\">Jean Louis Oliveira<\/a><\/h2><div class=\"lawyer-excerpt\">contactos directos<\/div><ul class=\"lawyer-social\"><li><a href=\"mailto:  geral@pgs-legal.com \" target=\"_blank\"><i class=\"far fa-envelope\"><\/i><\/a><\/li><\/ul><\/div><\/div><\/div><\/div><\/div>\n\t\t\t\t\t\t<\/div>\n\t\t\t\t<\/div>\n\t\t\t\t\t<\/div>\n\t\t<\/div>\n\t\t\t\t\t<\/div>\n\t\t<\/section>\n\t\t\t\t<section class=\"elementor-section elementor-top-section elementor-element elementor-element-b8124d3 elementor-section-boxed elementor-section-height-default elementor-section-height-default\" data-id=\"b8124d3\" data-element_type=\"section\">\n\t\t\t\t\t\t<div class=\"elementor-container elementor-column-gap-default\">\n\t\t\t\t\t<div class=\"elementor-column elementor-col-100 elementor-top-column elementor-element elementor-element-fa4bec3\" data-id=\"fa4bec3\" data-element_type=\"column\">\n\t\t\t<div class=\"elementor-widget-wrap\">\n\t\t\t\t\t\t\t<\/div>\n\t\t<\/div>\n\t\t\t\t\t<\/div>\n\t\t<\/section>\n\t\t\t\t<section class=\"elementor-section elementor-top-section elementor-element elementor-element-0139cda elementor-section-boxed elementor-section-height-default elementor-section-height-default\" data-id=\"0139cda\" data-element_type=\"section\" data-settings=\"{&quot;background_background&quot;:&quot;classic&quot;}\">\n\t\t\t\t\t\t\t<div class=\"elementor-background-overlay\"><\/div>\n\t\t\t\t\t\t\t<div class=\"elementor-container elementor-column-gap-default\">\n\t\t\t\t\t<div class=\"elementor-column elementor-col-100 elementor-top-column elementor-element elementor-element-f49c9c0\" data-id=\"f49c9c0\" data-element_type=\"column\">\n\t\t\t<div class=\"elementor-widget-wrap elementor-element-populated\">\n\t\t\t\t\t\t<div class=\"elementor-element elementor-element-c3093d7 heading-subtitle white elementor-widget elementor-widget-heading\" data-id=\"c3093d7\" data-element_type=\"widget\" data-widget_type=\"heading.default\">\n\t\t\t\t<div class=\"elementor-widget-container\">\n\t\t\t\t\t<span class=\"elementor-heading-title elementor-size-default\">Cont\u00e1ctenos<\/span>\t\t\t\t<\/div>\n\t\t\t\t<\/div>\n\t\t\t\t<div class=\"elementor-element elementor-element-d434b65 heading-title white elementor-widget elementor-widget-heading\" data-id=\"d434b65\" data-element_type=\"widget\" data-widget_type=\"heading.default\">\n\t\t\t\t<div class=\"elementor-widget-container\">\n\t\t\t\t\t<h2 class=\"elementor-heading-title elementor-size-default\">Descubra lo que podemos hacer por usted<\/h2>\t\t\t\t<\/div>\n\t\t\t\t<\/div>\n\t\t\t\t<div class=\"elementor-element elementor-element-50a9758 elementor-widget elementor-widget-heading\" data-id=\"50a9758\" data-element_type=\"widget\" data-widget_type=\"heading.default\">\n\t\t\t\t<div class=\"elementor-widget-container\">\n\t\t\t\t\t<p class=\"elementor-heading-title elementor-size-default\">Ll\u00e1menos : (+351) 234 378&nbsp;460\/3 y concerte su cita con uno de nuestros especialistas<\/p>\t\t\t\t<\/div>\n\t\t\t\t<\/div>\n\t\t\t\t<div class=\"elementor-element elementor-element-31efad9 btn-white-el elementor-widget elementor-widget-button\" data-id=\"31efad9\" data-element_type=\"widget\" data-widget_type=\"button.default\">\n\t\t\t\t<div class=\"elementor-widget-container\">\n\t\t\t\t\t\t\t\t\t<div class=\"elementor-button-wrapper\">\n\t\t\t\t\t<a class=\"elementor-button elementor-button-link elementor-size-sm\" href=\"#\">\n\t\t\t\t\t\t<span class=\"elementor-button-content-wrapper\">\n\t\t\t\t\t\t\t\t\t<span class=\"elementor-button-text\">concertar cita<\/span>\n\t\t\t\t\t<\/span>\n\t\t\t\t\t<\/a>\n\t\t\t\t<\/div>\n\t\t\t\t\t\t\t\t<\/div>\n\t\t\t\t<\/div>\n\t\t\t\t\t<\/div>\n\t\t<\/div>\n\t\t\t\t\t<\/div>\n\t\t<\/section>\n\t\t\t\t<\/div>\n\t\t","protected":false},"excerpt":{"rendered":"<p>Sobre nosotros PGS es una firma de abogados portuguesa independiente con operaciones diversificadas, especializada en operaciones multidisciplinarias y capaz de traducir el entorno legal portugu\u00e9s en beneficio de sus clientes nacionales e internacionales.PGS apuesta por la representaci\u00f3n de clientes extranjeros&#8230;<\/p>\n","protected":false},"author":1,"featured_media":3008,"parent":0,"menu_order":0,"comment_status":"closed","ping_status":"closed","template":"my-templates\/template-fullscreen.php","meta":{"footnotes":""},"class_list":["post-3599","page","type-page","status-publish","has-post-thumbnail","hentry"],"_links":{"self":[{"href":"https:\/\/pgs-legal.com\/es\/wp-json\/wp\/v2\/pages\/3599","targetHints":{"allow":["GET"]}}],"collection":[{"href":"https:\/\/pgs-legal.com\/es\/wp-json\/wp\/v2\/pages"}],"about":[{"href":"https:\/\/pgs-legal.com\/es\/wp-json\/wp\/v2\/types\/page"}],"author":[{"embeddable":true,"href":"https:\/\/pgs-legal.com\/es\/wp-json\/wp\/v2\/users\/1"}],"replies":[{"embeddable":true,"href":"https:\/\/pgs-legal.com\/es\/wp-json\/wp\/v2\/comments?post=3599"}],"version-history":[{"count":1,"href":"https:\/\/pgs-legal.com\/es\/wp-json\/wp\/v2\/pages\/3599\/revisions"}],"predecessor-version":[{"id":3600,"href":"https:\/\/pgs-legal.com\/es\/wp-json\/wp\/v2\/pages\/3599\/revisions\/3600"}],"wp:featuredmedia":[{"embeddable":true,"href":"https:\/\/pgs-legal.com\/es\/wp-json\/wp\/v2\/media\/3008"}],"wp:attachment":[{"href":"https:\/\/pgs-legal.com\/es\/wp-json\/wp\/v2\/media?parent=3599"}],"curies":[{"name":"wp","href":"https:\/\/api.w.org\/{rel}","templated":true}]}}