{"id":3095,"date":"2021-11-10T21:37:00","date_gmt":"2021-11-10T21:37:00","guid":{"rendered":"https:\/\/pgs-legal.com\/team\/"},"modified":"2022-02-21T22:12:46","modified_gmt":"2022-02-21T22:12:46","slug":"team","status":"publish","type":"page","link":"https:\/\/pgs-legal.com\/en\/team\/","title":{"rendered":"Team"},"content":{"rendered":"\t\t<div data-elementor-type=\"wp-post\" data-elementor-id=\"3095\" class=\"elementor elementor-3095 elementor-2107\">\n\t\t\t\t\t\t<section class=\"elementor-section elementor-top-section elementor-element elementor-element-18305e9 elementor-section-boxed elementor-section-height-default elementor-section-height-default\" data-id=\"18305e9\" data-element_type=\"section\">\n\t\t\t\t\t\t<div class=\"elementor-container elementor-column-gap-default\">\n\t\t\t\t\t<div class=\"elementor-column elementor-col-100 elementor-top-column elementor-element elementor-element-4bbc339\" data-id=\"4bbc339\" data-element_type=\"column\">\n\t\t\t<div class=\"elementor-widget-wrap elementor-element-populated\">\n\t\t\t\t\t\t<div class=\"elementor-element elementor-element-aa73cd7 heading-subtitle elementor-widget elementor-widget-heading\" data-id=\"aa73cd7\" data-element_type=\"widget\" data-widget_type=\"heading.default\">\n\t\t\t\t<div class=\"elementor-widget-container\">\n\t\t\t\t\t<span class=\"elementor-heading-title elementor-size-default\">ABOUT US<\/span>\t\t\t\t<\/div>\n\t\t\t\t<\/div>\n\t\t\t\t<div class=\"elementor-element elementor-element-00d8591 elementor-widget elementor-widget-heading\" data-id=\"00d8591\" data-element_type=\"widget\" data-widget_type=\"heading.default\">\n\t\t\t\t<div class=\"elementor-widget-container\">\n\t\t\t\t\t<p class=\"elementor-heading-title elementor-size-default\">PGS is an independent Portuguese law firm with diversified operations,\nspecialized in multidisciplinary operations and capable of translating\nthe Portuguese legal environment to the benefit of its national and international clients.<br>PGS bets on the representation of foreign clients specializing in business law,\nfollowing the needs of the industry that operates in Portugal and\nthe development and sophistication of the national economy.\nPGS is the Portuguese partner of several research and technological innovation projects\nfor the legal area, developing procedures and working environments that are decisive\nfor the enhancement of results.<br>\nThe society was born based on a group of lawyers that began its\nactivity in 2004, with organic growth, developed its own and\nintegrated culture, betting on excellence in recruitment.<br>\nPGS represents domestic and foreign clients operating in a wide range of sectors,\nincluindo o autom\u00f3vel, servi\u00e7os banc\u00e1rios e financeiros, constru\u00e7\u00e3o e materiais de\nbuilding materials, energy and natural resources, environment, waste management, healthcare,\nfuels, real estate and technology.<br>\nPGS maintains close relationships with top-tier firms in several\ncountries.<br>\nAs a result of its diversified performance and the excellence of its professionals, PGS is\nable to provide assistance to clients from any economic sector in all areas\nof law, which allows it to develop relationships based on mutual trust, both on\na daily basis. as in strategic decisions, involving sophisticated,\ncomplex or technically challenging legal issues.<\/p>\t\t\t\t<\/div>\n\t\t\t\t<\/div>\n\t\t\t\t\t<\/div>\n\t\t<\/div>\n\t\t\t\t\t<\/div>\n\t\t<\/section>\n\t\t\t\t<section class=\"elementor-section elementor-top-section elementor-element elementor-element-88dd100 elementor-section-boxed elementor-section-height-default elementor-section-height-default\" data-id=\"88dd100\" data-element_type=\"section\">\n\t\t\t\t\t\t<div class=\"elementor-container elementor-column-gap-default\">\n\t\t\t\t\t<div class=\"elementor-column elementor-col-100 elementor-top-column elementor-element elementor-element-93f7a9d\" data-id=\"93f7a9d\" data-element_type=\"column\">\n\t\t\t<div class=\"elementor-widget-wrap elementor-element-populated\">\n\t\t\t\t\t\t<div class=\"elementor-element elementor-element-2240527 heading-subtitle elementor-widget elementor-widget-heading\" data-id=\"2240527\" data-element_type=\"widget\" data-widget_type=\"heading.default\">\n\t\t\t\t<div class=\"elementor-widget-container\">\n\t\t\t\t\t<span class=\"elementor-heading-title elementor-size-default\">our team<\/span>\t\t\t\t<\/div>\n\t\t\t\t<\/div>\n\t\t\t\t<div class=\"elementor-element elementor-element-5e8b792 heading-title elementor-widget elementor-widget-heading\" data-id=\"5e8b792\" data-element_type=\"widget\" data-widget_type=\"heading.default\">\n\t\t\t\t<div class=\"elementor-widget-container\">\n\t\t\t\t\t<h2 class=\"elementor-heading-title elementor-size-default\">PGS Law Firm\u200b<\/h2>\t\t\t\t<\/div>\n\t\t\t\t<\/div>\n\t\t\t\t\t<\/div>\n\t\t<\/div>\n\t\t\t\t\t<\/div>\n\t\t<\/section>\n\t\t\t\t<section class=\"elementor-section elementor-top-section elementor-element elementor-element-fe12303 elementor-section-boxed elementor-section-height-default elementor-section-height-default\" data-id=\"fe12303\" data-element_type=\"section\">\n\t\t\t\t\t\t<div class=\"elementor-container elementor-column-gap-default\">\n\t\t\t\t\t<div class=\"elementor-column elementor-col-100 elementor-top-column elementor-element elementor-element-0d2e2dc\" data-id=\"0d2e2dc\" data-element_type=\"column\">\n\t\t\t<div class=\"elementor-widget-wrap elementor-element-populated\">\n\t\t\t\t\t\t<div class=\"elementor-element elementor-element-eaed11d elementor-widget elementor-widget-shortcode\" data-id=\"eaed11d\" data-element_type=\"widget\" data-widget_type=\"shortcode.default\">\n\t\t\t\t<div class=\"elementor-widget-container\">\n\t\t\t\t\t\t\t<div class=\"elementor-shortcode\"><div class=\"short_team \"><div class=\"row\"><div class=\"col-lg-4 col-md-6\"><div class=\"lawyer-holder lawyer-3col\"><a href=\"https:\/\/pgs-legal.com\/en\/team\/rosa-branca-pereira\/\"><img fetchpriority=\"high\" decoding=\"async\" width=\"600\" height=\"550\" src=\"https:\/\/pgs-legal.com\/wp-content\/uploads\/2019\/08\/rosa_branca_pereira_f1.jpg\" class=\"img-fluid wp-post-image\" alt=\"Rosa Branca Pereira\" srcset=\"https:\/\/pgs-legal.com\/wp-content\/uploads\/2019\/08\/rosa_branca_pereira_f1.jpg 600w, https:\/\/pgs-legal.com\/wp-content\/uploads\/2019\/08\/rosa_branca_pereira_f1-300x275.jpg 300w\" sizes=\"(max-width: 600px) 100vw, 600px\" \/><\/a><div class=\"lawyer-position\">Partner<\/div><h2 class=\"lawyer-title\"><a href=\"https:\/\/pgs-legal.com\/en\/team\/rosa-branca-pereira\/\">Rosa Branca Pereira<\/a><\/h2><div class=\"lawyer-excerpt\">direct contacts<\/div><ul class=\"lawyer-social\"><li><a href=\" https:\/\/pt.linkedin.com\/in\/rosa-branca-pereira-53a079138 \" target=\"_blank\"><i class=\"fab fa-linkedin-in\"><\/i><\/a><\/li><li><a href=\"mailto: rosabrancap@pgs-legal.com \" target=\"_blank\"><i class=\"far fa-envelope\"><\/i><\/a><\/li><\/ul><\/div><\/div><div class=\"col-lg-4 col-md-6\"><div class=\"lawyer-holder lawyer-3col\"><a href=\"https:\/\/pgs-legal.com\/en\/team\/isalia-goncalves\/\"><img decoding=\"async\" width=\"600\" height=\"550\" src=\"https:\/\/pgs-legal.com\/wp-content\/uploads\/2019\/08\/isalia_goncalvesf1.jpg\" class=\"img-fluid wp-post-image\" alt=\"Is\u00e1lia Gon\u00e7alves\" srcset=\"https:\/\/pgs-legal.com\/wp-content\/uploads\/2019\/08\/isalia_goncalvesf1.jpg 600w, https:\/\/pgs-legal.com\/wp-content\/uploads\/2019\/08\/isalia_goncalvesf1-300x275.jpg 300w\" sizes=\"(max-width: 600px) 100vw, 600px\" \/><\/a><div class=\"lawyer-position\">Partner<\/div><h2 class=\"lawyer-title\"><a href=\"https:\/\/pgs-legal.com\/en\/team\/isalia-goncalves\/\">Is\u00e1lia Gon\u00e7alves<\/a><\/h2><div class=\"lawyer-excerpt\">direct contacts<\/div><ul class=\"lawyer-social\"><li><a href=\"mailto: isalia.goncalves@pgs-legal.com \" target=\"_blank\"><i class=\"far fa-envelope\"><\/i><\/a><\/li><\/ul><\/div><\/div><div class=\"col-lg-4 col-md-6\"><div class=\"lawyer-holder lawyer-3col\"><a href=\"https:\/\/pgs-legal.com\/en\/team\/marcelo-b-serafim\/\"><img decoding=\"async\" width=\"600\" height=\"550\" src=\"https:\/\/pgs-legal.com\/wp-content\/uploads\/2019\/08\/marcelo_serafim_f1.jpg\" class=\"img-fluid wp-post-image\" alt=\"Marcelo B. Serafim\" srcset=\"https:\/\/pgs-legal.com\/wp-content\/uploads\/2019\/08\/marcelo_serafim_f1.jpg 600w, https:\/\/pgs-legal.com\/wp-content\/uploads\/2019\/08\/marcelo_serafim_f1-300x275.jpg 300w\" sizes=\"(max-width: 600px) 100vw, 600px\" \/><\/a><div class=\"lawyer-position\">Partner<\/div><h2 class=\"lawyer-title\"><a href=\"https:\/\/pgs-legal.com\/en\/team\/marcelo-b-serafim\/\">Marcelo B. Serafim<\/a><\/h2><div class=\"lawyer-excerpt\">direct contacts<\/div><ul class=\"lawyer-social\"><li><a href=\" https:\/\/pt.linkedin.com\/in\/marcelo-serafim-a6159893 \" target=\"_blank\"><i class=\"fab fa-linkedin-in\"><\/i><\/a><\/li><li><a href=\"mailto: marcelo.serafim@pgs-legal.com \" target=\"_blank\"><i class=\"far fa-envelope\"><\/i><\/a><\/li><\/ul><\/div><\/div><div class=\"col-lg-4 col-md-6\"><div class=\"lawyer-holder lawyer-3col\"><a href=\"https:\/\/pgs-legal.com\/en\/team\/eduardo-lopes\/\"><img loading=\"lazy\" decoding=\"async\" width=\"600\" height=\"550\" src=\"https:\/\/pgs-legal.com\/wp-content\/uploads\/2019\/08\/eduardo-lopes-ft1-1.jpg\" class=\"img-fluid wp-post-image\" alt=\"Eduardo Lopes\" srcset=\"https:\/\/pgs-legal.com\/wp-content\/uploads\/2019\/08\/eduardo-lopes-ft1-1.jpg 600w, https:\/\/pgs-legal.com\/wp-content\/uploads\/2019\/08\/eduardo-lopes-ft1-1-300x275.jpg 300w\" sizes=\"(max-width: 600px) 100vw, 600px\" \/><\/a><div class=\"lawyer-position\">Of Consel<\/div><h2 class=\"lawyer-title\"><a href=\"https:\/\/pgs-legal.com\/en\/team\/eduardo-lopes\/\">Eduardo Lopes<\/a><\/h2><div class=\"lawyer-excerpt\">direct contacts<\/div><ul class=\"lawyer-social\"><li><a href=\"mailto: geral@pgs-legal.com \" target=\"_blank\"><i class=\"far fa-envelope\"><\/i><\/a><\/li><\/ul><\/div><\/div><div class=\"col-lg-4 col-md-6\"><div class=\"lawyer-holder lawyer-3col\"><a href=\"https:\/\/pgs-legal.com\/en\/team\/catarina-pinheiro\/\"><img loading=\"lazy\" decoding=\"async\" width=\"600\" height=\"550\" src=\"https:\/\/pgs-legal.com\/wp-content\/uploads\/2019\/08\/perfil-catarina-pinheiro.jpeg\" class=\"img-fluid wp-post-image\" alt=\"Catarina Pinheiro\" srcset=\"https:\/\/pgs-legal.com\/wp-content\/uploads\/2019\/08\/perfil-catarina-pinheiro.jpeg 600w, https:\/\/pgs-legal.com\/wp-content\/uploads\/2019\/08\/perfil-catarina-pinheiro-300x275.jpeg 300w\" sizes=\"(max-width: 600px) 100vw, 600px\" \/><\/a><div class=\"lawyer-position\">OF COUNSEL<\/div><h2 class=\"lawyer-title\"><a href=\"https:\/\/pgs-legal.com\/en\/team\/catarina-pinheiro\/\">Catarina Pinheiro<\/a><\/h2><div class=\"lawyer-excerpt\">direct contacts<\/div><ul class=\"lawyer-social\"><li><a href=\"mailto: geral@pgs-legal.com \" target=\"_blank\"><i class=\"far fa-envelope\"><\/i><\/a><\/li><\/ul><\/div><\/div><div class=\"col-lg-4 col-md-6\"><div class=\"lawyer-holder lawyer-3col\"><a href=\"https:\/\/pgs-legal.com\/en\/team\/pedro-lince-e-pereira\/\"><img loading=\"lazy\" decoding=\"async\" width=\"600\" height=\"550\" src=\"https:\/\/pgs-legal.com\/wp-content\/uploads\/2019\/08\/perfil-pedro-lince-pereira.jpg\" class=\"img-fluid wp-post-image\" alt=\"Pedro Lince e Pereira\" srcset=\"https:\/\/pgs-legal.com\/wp-content\/uploads\/2019\/08\/perfil-pedro-lince-pereira.jpg 600w, https:\/\/pgs-legal.com\/wp-content\/uploads\/2019\/08\/perfil-pedro-lince-pereira-300x275.jpg 300w\" sizes=\"(max-width: 600px) 100vw, 600px\" \/><\/a><div class=\"lawyer-position\">INTERN<\/div><h2 class=\"lawyer-title\"><a href=\"https:\/\/pgs-legal.com\/en\/team\/pedro-lince-e-pereira\/\">Pedro Lince e Pereira<\/a><\/h2><div class=\"lawyer-excerpt\">direct contacts<\/div><ul class=\"lawyer-social\"><li><a href=\" https:\/\/pt.linkedin.com\/in\/pedro-lince-pereira-b4b72a203 \" target=\"_blank\"><i class=\"fab fa-linkedin-in\"><\/i><\/a><\/li><li><a href=\"mailto: pedro.pereira@pgs-legal.com \" target=\"_blank\"><i class=\"far fa-envelope\"><\/i><\/a><\/li><\/ul><\/div><\/div><div class=\"col-lg-4 col-md-6\"><div class=\"lawyer-holder lawyer-3col\"><a href=\"https:\/\/pgs-legal.com\/en\/team\/andreia-do-prado\/\"><img loading=\"lazy\" decoding=\"async\" width=\"600\" height=\"550\" src=\"https:\/\/pgs-legal.com\/wp-content\/uploads\/2019\/08\/perfil-andreia-do-prado.jpeg\" class=\"img-fluid wp-post-image\" alt=\"Andreia do Prado\" srcset=\"https:\/\/pgs-legal.com\/wp-content\/uploads\/2019\/08\/perfil-andreia-do-prado.jpeg 600w, https:\/\/pgs-legal.com\/wp-content\/uploads\/2019\/08\/perfil-andreia-do-prado-300x275.jpeg 300w\" sizes=\"(max-width: 600px) 100vw, 600px\" \/><\/a><div class=\"lawyer-position\">JURIST<\/div><h2 class=\"lawyer-title\"><a href=\"https:\/\/pgs-legal.com\/en\/team\/andreia-do-prado\/\">Andreia do Prado<\/a><\/h2><div class=\"lawyer-excerpt\">direct contacts<\/div><ul class=\"lawyer-social\"><li><a href=\"mailto: andreia.prado@pgs-legal.com \" target=\"_blank\"><i class=\"far fa-envelope\"><\/i><\/a><\/li><\/ul><\/div><\/div><div class=\"col-lg-4 col-md-6\"><div class=\"lawyer-holder lawyer-3col\"><a href=\"https:\/\/pgs-legal.com\/en\/team\/luz-yanez\/\"><img loading=\"lazy\" decoding=\"async\" width=\"600\" height=\"550\" src=\"https:\/\/pgs-legal.com\/wp-content\/uploads\/2019\/08\/foto-luz-ryanes.jpg\" class=\"img-fluid wp-post-image\" alt=\"Luz Yanez\" srcset=\"https:\/\/pgs-legal.com\/wp-content\/uploads\/2019\/08\/foto-luz-ryanes.jpg 600w, https:\/\/pgs-legal.com\/wp-content\/uploads\/2019\/08\/foto-luz-ryanes-300x275.jpg 300w\" sizes=\"(max-width: 600px) 100vw, 600px\" \/><\/a><div class=\"lawyer-position\">JURIST<\/div><h2 class=\"lawyer-title\"><a href=\"https:\/\/pgs-legal.com\/en\/team\/luz-yanez\/\">Luz Yanez<\/a><\/h2><div class=\"lawyer-excerpt\">direct contacts<\/div><ul class=\"lawyer-social\"><li><a href=\" https:\/\/pt.linkedin.com\/in\/luz-rosangel-yanez-jimenez-9bb573172 \" target=\"_blank\"><i class=\"fab fa-linkedin-in\"><\/i><\/a><\/li><li><a href=\"mailto: luz.yanez@pgs-legal.com \" target=\"_blank\"><i class=\"far fa-envelope\"><\/i><\/a><\/li><\/ul><\/div><\/div><div class=\"col-lg-4 col-md-6\"><div class=\"lawyer-holder lawyer-3col\"><a href=\"https:\/\/pgs-legal.com\/en\/team\/jean-louis-oliveira-2-2\/\"><img loading=\"lazy\" decoding=\"async\" width=\"600\" height=\"550\" src=\"https:\/\/pgs-legal.com\/wp-content\/uploads\/2019\/08\/jean-luis-oliveira-ft1.jpg\" class=\"img-fluid wp-post-image\" alt=\"Jean Louis Oliveira\" srcset=\"https:\/\/pgs-legal.com\/wp-content\/uploads\/2019\/08\/jean-luis-oliveira-ft1.jpg 600w, https:\/\/pgs-legal.com\/wp-content\/uploads\/2019\/08\/jean-luis-oliveira-ft1-300x275.jpg 300w\" sizes=\"(max-width: 600px) 100vw, 600px\" \/><\/a><div class=\"lawyer-position\">Secretary<\/div><h2 class=\"lawyer-title\"><a href=\"https:\/\/pgs-legal.com\/en\/team\/jean-louis-oliveira-2-2\/\">Jean Louis Oliveira<\/a><\/h2><div class=\"lawyer-excerpt\">direct contacts<\/div><ul class=\"lawyer-social\"><li><a href=\"mailto: geral@pgs-legal.com \" target=\"_blank\"><i class=\"far fa-envelope\"><\/i><\/a><\/li><\/ul><\/div><\/div><div class=\"col-lg-4 col-md-6\"><div class=\"lawyer-holder lawyer-3col\"><a href=\"https:\/\/pgs-legal.com\/en\/team\/jean-louis-oliveira-2\/\"><img loading=\"lazy\" decoding=\"async\" width=\"600\" height=\"550\" src=\"https:\/\/pgs-legal.com\/wp-content\/uploads\/2019\/08\/advogada-maria-teresa-figueira.jpg\" class=\"img-fluid wp-post-image\" alt=\"Maria Teresa\" srcset=\"https:\/\/pgs-legal.com\/wp-content\/uploads\/2019\/08\/advogada-maria-teresa-figueira.jpg 600w, https:\/\/pgs-legal.com\/wp-content\/uploads\/2019\/08\/advogada-maria-teresa-figueira-300x275.jpg 300w\" sizes=\"(max-width: 600px) 100vw, 600px\" \/><\/a><div class=\"lawyer-position\">Secretary<\/div><h2 class=\"lawyer-title\"><a href=\"https:\/\/pgs-legal.com\/en\/team\/jean-louis-oliveira-2\/\">Maria Teresa<\/a><\/h2><div class=\"lawyer-excerpt\">direct contacts<\/div><ul class=\"lawyer-social\"><li><a href=\"mailto: geral@pgs-legal.com \" target=\"_blank\"><i class=\"far fa-envelope\"><\/i><\/a><\/li><\/ul><\/div><\/div><\/div><\/div><\/div>\n\t\t\t\t\t\t<\/div>\n\t\t\t\t<\/div>\n\t\t\t\t\t<\/div>\n\t\t<\/div>\n\t\t\t\t\t<\/div>\n\t\t<\/section>\n\t\t\t\t<section class=\"elementor-section elementor-top-section elementor-element elementor-element-b8124d3 elementor-section-boxed elementor-section-height-default elementor-section-height-default\" data-id=\"b8124d3\" data-element_type=\"section\">\n\t\t\t\t\t\t<div class=\"elementor-container elementor-column-gap-default\">\n\t\t\t\t\t<div class=\"elementor-column elementor-col-100 elementor-top-column elementor-element elementor-element-fa4bec3\" data-id=\"fa4bec3\" data-element_type=\"column\">\n\t\t\t<div class=\"elementor-widget-wrap\">\n\t\t\t\t\t\t\t<\/div>\n\t\t<\/div>\n\t\t\t\t\t<\/div>\n\t\t<\/section>\n\t\t\t\t<section class=\"elementor-section elementor-top-section elementor-element elementor-element-0139cda elementor-section-boxed elementor-section-height-default elementor-section-height-default\" data-id=\"0139cda\" data-element_type=\"section\" data-settings=\"{&quot;background_background&quot;:&quot;classic&quot;}\">\n\t\t\t\t\t\t\t<div class=\"elementor-background-overlay\"><\/div>\n\t\t\t\t\t\t\t<div class=\"elementor-container elementor-column-gap-default\">\n\t\t\t\t\t<div class=\"elementor-column elementor-col-100 elementor-top-column elementor-element elementor-element-f49c9c0\" data-id=\"f49c9c0\" data-element_type=\"column\">\n\t\t\t<div class=\"elementor-widget-wrap elementor-element-populated\">\n\t\t\t\t\t\t<div class=\"elementor-element elementor-element-c3093d7 heading-subtitle white elementor-widget elementor-widget-heading\" data-id=\"c3093d7\" data-element_type=\"widget\" data-widget_type=\"heading.default\">\n\t\t\t\t<div class=\"elementor-widget-container\">\n\t\t\t\t\t<span class=\"elementor-heading-title elementor-size-default\">Contact us<\/span>\t\t\t\t<\/div>\n\t\t\t\t<\/div>\n\t\t\t\t<div class=\"elementor-element elementor-element-d434b65 heading-title white elementor-widget elementor-widget-heading\" data-id=\"d434b65\" data-element_type=\"widget\" data-widget_type=\"heading.default\">\n\t\t\t\t<div class=\"elementor-widget-container\">\n\t\t\t\t\t<h2 class=\"elementor-heading-title elementor-size-default\">Find out what we can do for you<\/h2>\t\t\t\t<\/div>\n\t\t\t\t<\/div>\n\t\t\t\t<div class=\"elementor-element elementor-element-50a9758 elementor-widget elementor-widget-heading\" data-id=\"50a9758\" data-element_type=\"widget\" data-widget_type=\"heading.default\">\n\t\t\t\t<div class=\"elementor-widget-container\">\n\t\t\t\t\t<p class=\"elementor-heading-title elementor-size-default\">Call (+351) 234 378&nbsp;460\/3 and schedule an apointment with one of our team members.<\/p>\t\t\t\t<\/div>\n\t\t\t\t<\/div>\n\t\t\t\t<div class=\"elementor-element elementor-element-31efad9 btn-white-el elementor-widget elementor-widget-button\" data-id=\"31efad9\" data-element_type=\"widget\" data-widget_type=\"button.default\">\n\t\t\t\t<div class=\"elementor-widget-container\">\n\t\t\t\t\t\t\t\t\t<div class=\"elementor-button-wrapper\">\n\t\t\t\t\t<a class=\"elementor-button elementor-button-link elementor-size-sm\" href=\"#\">\n\t\t\t\t\t\t<span class=\"elementor-button-content-wrapper\">\n\t\t\t\t\t\t\t\t\t<span class=\"elementor-button-text\">schedule appointment<\/span>\n\t\t\t\t\t<\/span>\n\t\t\t\t\t<\/a>\n\t\t\t\t<\/div>\n\t\t\t\t\t\t\t\t<\/div>\n\t\t\t\t<\/div>\n\t\t\t\t\t<\/div>\n\t\t<\/div>\n\t\t\t\t\t<\/div>\n\t\t<\/section>\n\t\t\t\t<\/div>\n\t\t","protected":false},"excerpt":{"rendered":"<p>ABOUT US PGS is an independent Portuguese law firm with diversified operations, specialized in multidisciplinary operations and capable of translating the Portuguese legal environment to the benefit of its national and international clients.PGS bets on the representation of foreign clients&#8230;<\/p>\n","protected":false},"author":1,"featured_media":3007,"parent":0,"menu_order":0,"comment_status":"closed","ping_status":"closed","template":"my-templates\/template-fullscreen.php","meta":{"footnotes":""},"class_list":["post-3095","page","type-page","status-publish","has-post-thumbnail","hentry"],"_links":{"self":[{"href":"https:\/\/pgs-legal.com\/en\/wp-json\/wp\/v2\/pages\/3095","targetHints":{"allow":["GET"]}}],"collection":[{"href":"https:\/\/pgs-legal.com\/en\/wp-json\/wp\/v2\/pages"}],"about":[{"href":"https:\/\/pgs-legal.com\/en\/wp-json\/wp\/v2\/types\/page"}],"author":[{"embeddable":true,"href":"https:\/\/pgs-legal.com\/en\/wp-json\/wp\/v2\/users\/1"}],"replies":[{"embeddable":true,"href":"https:\/\/pgs-legal.com\/en\/wp-json\/wp\/v2\/comments?post=3095"}],"version-history":[{"count":4,"href":"https:\/\/pgs-legal.com\/en\/wp-json\/wp\/v2\/pages\/3095\/revisions"}],"predecessor-version":[{"id":3523,"href":"https:\/\/pgs-legal.com\/en\/wp-json\/wp\/v2\/pages\/3095\/revisions\/3523"}],"wp:featuredmedia":[{"embeddable":true,"href":"https:\/\/pgs-legal.com\/en\/wp-json\/wp\/v2\/media\/3007"}],"wp:attachment":[{"href":"https:\/\/pgs-legal.com\/en\/wp-json\/wp\/v2\/media?parent=3095"}],"curies":[{"name":"wp","href":"https:\/\/api.w.org\/{rel}","templated":true}]}}